{"id":66942,"date":"2022-03-01T13:26:40","date_gmt":"2022-03-01T18:26:40","guid":{"rendered":"https:\/\/www.studioxp.online\/?page_id=66942"},"modified":"2024-02-06T06:12:41","modified_gmt":"2024-02-06T11:12:41","slug":"essai-gratuit","status":"publish","type":"page","link":"https:\/\/www.studioxp.online\/fr\/essai-gratuit\/","title":{"rendered":"Cours d&rsquo;essai gratuit"},"content":{"rendered":"","protected":false},"excerpt":{"rendered":"","protected":false},"author":8618,"featured_media":0,"parent":0,"menu_order":0,"comment_status":"closed","ping_status":"closed","template":"","meta":{"footnotes":""},"folder":[812],"yoast_head":"<!-- This site is optimized with the Yoast SEO plugin v22.7 - https:\/\/yoast.com\/wordpress\/plugins\/seo\/ -->\n<title>Essai gratuit et ateliers de d\u00e9couverte - StudioXP<\/title>\n<meta name=\"description\" content=\"D\u00e9couvrez les formations de Studio XP. Faites un cours d&#039;essai gratuitement en ligne avec votre enfant. Nos moniteurs r\u00e9pondront \u00e0 vos questions.\" \/>\n<meta name=\"robots\" content=\"index, follow, max-snippet:-1, max-image-preview:large, max-video-preview:-1\" \/>\n<link rel=\"canonical\" href=\"https:\/\/www.studioxp.online\/fr\/essai-gratuit\/\" \/>\n<meta property=\"og:locale\" content=\"fr_CA\" \/>\n<meta property=\"og:type\" content=\"article\" \/>\n<meta property=\"og:title\" content=\"Essai gratuit et ateliers de d\u00e9couverte - StudioXP\" \/>\n<meta property=\"og:description\" content=\"D\u00e9couvrez les formations de Studio XP. Faites un cours d&#039;essai gratuitement en ligne avec votre enfant. Nos moniteurs r\u00e9pondront \u00e0 vos questions.\" \/>\n<meta property=\"og:url\" content=\"https:\/\/www.studioxp.online\/fr\/essai-gratuit\/\" \/>\n<meta property=\"og:site_name\" content=\"StudioXP\" \/>\n<meta property=\"article:publisher\" content=\"https:\/\/www.facebook.com\/studioxp\/\" \/>\n<meta property=\"article:modified_time\" content=\"2024-02-06T11:12:41+00:00\" \/>\n<meta name=\"twitter:card\" content=\"summary_large_image\" \/>\n<meta name=\"twitter:site\" content=\"@studioxpca\" \/>\n<script type=\"application\/ld+json\" class=\"yoast-schema-graph\">{\"@context\":\"https:\/\/schema.org\",\"@graph\":[{\"@type\":\"WebPage\",\"@id\":\"https:\/\/www.studioxp.online\/fr\/essai-gratuit\/\",\"url\":\"https:\/\/www.studioxp.online\/fr\/essai-gratuit\/\",\"name\":\"Essai gratuit et ateliers de d\u00e9couverte - StudioXP\",\"isPartOf\":{\"@id\":\"https:\/\/www.studioxp.online\/fr\/#website\"},\"datePublished\":\"2022-03-01T18:26:40+00:00\",\"dateModified\":\"2024-02-06T11:12:41+00:00\",\"description\":\"D\u00e9couvrez les formations de Studio XP. Faites un cours d'essai gratuitement en ligne avec votre enfant. Nos moniteurs r\u00e9pondront \u00e0 vos questions.\",\"breadcrumb\":{\"@id\":\"https:\/\/www.studioxp.online\/fr\/essai-gratuit\/#breadcrumb\"},\"inLanguage\":\"fr-CA\",\"potentialAction\":[{\"@type\":\"ReadAction\",\"target\":[\"https:\/\/www.studioxp.online\/fr\/essai-gratuit\/\"]}]},{\"@type\":\"BreadcrumbList\",\"@id\":\"https:\/\/www.studioxp.online\/fr\/essai-gratuit\/#breadcrumb\",\"itemListElement\":[{\"@type\":\"ListItem\",\"position\":1,\"name\":\"Accueil\",\"item\":\"https:\/\/www.studioxp.online\/fr\/\"},{\"@type\":\"ListItem\",\"position\":2,\"name\":\"Cours d&rsquo;essai gratuit\"}]},{\"@type\":\"WebSite\",\"@id\":\"https:\/\/www.studioxp.online\/fr\/#website\",\"url\":\"https:\/\/www.studioxp.online\/fr\/\",\"name\":\"StudioXP\",\"description\":\"Cr\u00e9ation de jeux vid\u00e9o\",\"publisher\":{\"@id\":\"https:\/\/www.studioxp.online\/fr\/#organization\"},\"potentialAction\":[{\"@type\":\"SearchAction\",\"target\":{\"@type\":\"EntryPoint\",\"urlTemplate\":\"https:\/\/www.studioxp.online\/fr\/?s={search_term_string}\"},\"query-input\":\"required name=search_term_string\"}],\"inLanguage\":\"fr-CA\"},{\"@type\":\"Organization\",\"@id\":\"https:\/\/www.studioxp.online\/fr\/#organization\",\"name\":\"StudioXP\",\"url\":\"https:\/\/www.studioxp.online\/fr\/\",\"logo\":{\"@type\":\"ImageObject\",\"inLanguage\":\"fr-CA\",\"@id\":\"https:\/\/www.studioxp.online\/fr\/#\/schema\/logo\/image\/\",\"url\":\"https:\/\/www.studioxp.online\/wp-content\/uploads\/2018\/04\/Logo-XP.png\",\"contentUrl\":\"https:\/\/www.studioxp.online\/wp-content\/uploads\/2018\/04\/Logo-XP.png\",\"width\":650,\"height\":200,\"caption\":\"StudioXP\"},\"image\":{\"@id\":\"https:\/\/www.studioxp.online\/fr\/#\/schema\/logo\/image\/\"},\"sameAs\":[\"https:\/\/www.facebook.com\/studioxp\/\",\"https:\/\/x.com\/studioxpca\",\"https:\/\/www.linkedin.com\/company\/studio-xp\/\",\"https:\/\/www.youtube.com\/channel\/UCOsXLIAKrYYza82CPTe7KMg\"]}]}<\/script>\n<!-- \/ Yoast SEO plugin. -->","yoast_head_json":{"title":"Essai gratuit et ateliers de d\u00e9couverte - StudioXP","description":"D\u00e9couvrez les formations de Studio XP. Faites un cours d'essai gratuitement en ligne avec votre enfant. Nos moniteurs r\u00e9pondront \u00e0 vos questions.","robots":{"index":"index","follow":"follow","max-snippet":"max-snippet:-1","max-image-preview":"max-image-preview:large","max-video-preview":"max-video-preview:-1"},"canonical":"https:\/\/www.studioxp.online\/fr\/essai-gratuit\/","og_locale":"fr_CA","og_type":"article","og_title":"Essai gratuit et ateliers de d\u00e9couverte - StudioXP","og_description":"D\u00e9couvrez les formations de Studio XP. Faites un cours d'essai gratuitement en ligne avec votre enfant. Nos moniteurs r\u00e9pondront \u00e0 vos questions.","og_url":"https:\/\/www.studioxp.online\/fr\/essai-gratuit\/","og_site_name":"StudioXP","article_publisher":"https:\/\/www.facebook.com\/studioxp\/","article_modified_time":"2024-02-06T11:12:41+00:00","twitter_card":"summary_large_image","twitter_site":"@studioxpca","schema":{"@context":"https:\/\/schema.org","@graph":[{"@type":"WebPage","@id":"https:\/\/www.studioxp.online\/fr\/essai-gratuit\/","url":"https:\/\/www.studioxp.online\/fr\/essai-gratuit\/","name":"Essai gratuit et ateliers de d\u00e9couverte - StudioXP","isPartOf":{"@id":"https:\/\/www.studioxp.online\/fr\/#website"},"datePublished":"2022-03-01T18:26:40+00:00","dateModified":"2024-02-06T11:12:41+00:00","description":"D\u00e9couvrez les formations de Studio XP. Faites un cours d'essai gratuitement en ligne avec votre enfant. Nos moniteurs r\u00e9pondront \u00e0 vos questions.","breadcrumb":{"@id":"https:\/\/www.studioxp.online\/fr\/essai-gratuit\/#breadcrumb"},"inLanguage":"fr-CA","potentialAction":[{"@type":"ReadAction","target":["https:\/\/www.studioxp.online\/fr\/essai-gratuit\/"]}]},{"@type":"BreadcrumbList","@id":"https:\/\/www.studioxp.online\/fr\/essai-gratuit\/#breadcrumb","itemListElement":[{"@type":"ListItem","position":1,"name":"Accueil","item":"https:\/\/www.studioxp.online\/fr\/"},{"@type":"ListItem","position":2,"name":"Cours d&rsquo;essai gratuit"}]},{"@type":"WebSite","@id":"https:\/\/www.studioxp.online\/fr\/#website","url":"https:\/\/www.studioxp.online\/fr\/","name":"StudioXP","description":"Cr\u00e9ation de jeux vid\u00e9o","publisher":{"@id":"https:\/\/www.studioxp.online\/fr\/#organization"},"potentialAction":[{"@type":"SearchAction","target":{"@type":"EntryPoint","urlTemplate":"https:\/\/www.studioxp.online\/fr\/?s={search_term_string}"},"query-input":"required name=search_term_string"}],"inLanguage":"fr-CA"},{"@type":"Organization","@id":"https:\/\/www.studioxp.online\/fr\/#organization","name":"StudioXP","url":"https:\/\/www.studioxp.online\/fr\/","logo":{"@type":"ImageObject","inLanguage":"fr-CA","@id":"https:\/\/www.studioxp.online\/fr\/#\/schema\/logo\/image\/","url":"https:\/\/www.studioxp.online\/wp-content\/uploads\/2018\/04\/Logo-XP.png","contentUrl":"https:\/\/www.studioxp.online\/wp-content\/uploads\/2018\/04\/Logo-XP.png","width":650,"height":200,"caption":"StudioXP"},"image":{"@id":"https:\/\/www.studioxp.online\/fr\/#\/schema\/logo\/image\/"},"sameAs":["https:\/\/www.facebook.com\/studioxp\/","https:\/\/x.com\/studioxpca","https:\/\/www.linkedin.com\/company\/studio-xp\/","https:\/\/www.youtube.com\/channel\/UCOsXLIAKrYYza82CPTe7KMg"]}]}},"_links":{"self":[{"href":"https:\/\/www.studioxp.online\/fr\/wp-json\/wp\/v2\/pages\/66942"}],"collection":[{"href":"https:\/\/www.studioxp.online\/fr\/wp-json\/wp\/v2\/pages"}],"about":[{"href":"https:\/\/www.studioxp.online\/fr\/wp-json\/wp\/v2\/types\/page"}],"author":[{"embeddable":true,"href":"https:\/\/www.studioxp.online\/fr\/wp-json\/wp\/v2\/users\/8618"}],"replies":[{"embeddable":true,"href":"https:\/\/www.studioxp.online\/fr\/wp-json\/wp\/v2\/comments?post=66942"}],"version-history":[{"count":5,"href":"https:\/\/www.studioxp.online\/fr\/wp-json\/wp\/v2\/pages\/66942\/revisions"}],"predecessor-version":[{"id":100652,"href":"https:\/\/www.studioxp.online\/fr\/wp-json\/wp\/v2\/pages\/66942\/revisions\/100652"}],"wp:attachment":[{"href":"https:\/\/www.studioxp.online\/fr\/wp-json\/wp\/v2\/media?parent=66942"}],"wp:term":[{"taxonomy":"folder","embeddable":true,"href":"https:\/\/www.studioxp.online\/fr\/wp-json\/wp\/v2\/folder?post=66942"}],"curies":[{"name":"wp","href":"https:\/\/api.w.org\/{rel}","templated":true}]}}