{"id":122304,"date":"2023-10-03T02:54:18","date_gmt":"2023-10-03T06:54:18","guid":{"rendered":"https:\/\/www.studioxp.online\/?page_id=122304"},"modified":"2024-04-17T09:45:23","modified_gmt":"2024-04-17T13:45:23","slug":"prix","status":"publish","type":"page","link":"https:\/\/www.studioxp.online\/fr\/prix\/","title":{"rendered":"Prix QC"},"content":{"rendered":"","protected":false},"excerpt":{"rendered":"","protected":false},"author":8570,"featured_media":0,"parent":0,"menu_order":0,"comment_status":"closed","ping_status":"closed","template":"","meta":{"footnotes":""},"folder":[],"yoast_head":"<!-- This site is optimized with the Yoast SEO plugin v22.7 - https:\/\/yoast.com\/wordpress\/plugins\/seo\/ -->\n<title>Liste de prix des cours et camps - StudioXP<\/title>\n<meta name=\"description\" content=\"Combien co\u00fbte d&#039;apprendre \u00e0 coder avec Minecraft? Quel est le prix d&#039;un cours en programmation de jeux vid\u00e9o? Voici les prix de toutes nos formules en ligne.\" \/>\n<meta name=\"robots\" content=\"index, follow, max-snippet:-1, max-image-preview:large, max-video-preview:-1\" \/>\n<link rel=\"canonical\" href=\"https:\/\/www.studioxp.online\/fr\/prix\/\" \/>\n<meta property=\"og:locale\" content=\"fr_CA\" \/>\n<meta property=\"og:type\" content=\"article\" \/>\n<meta property=\"og:title\" content=\"Liste de prix des cours et camps - StudioXP\" \/>\n<meta property=\"og:description\" content=\"Combien co\u00fbte d&#039;apprendre \u00e0 coder avec Minecraft? Quel est le prix d&#039;un cours en programmation de jeux vid\u00e9o? Voici les prix de toutes nos formules en ligne.\" \/>\n<meta property=\"og:url\" content=\"https:\/\/www.studioxp.online\/fr\/prix\/\" \/>\n<meta property=\"og:site_name\" content=\"StudioXP\" \/>\n<meta property=\"article:publisher\" content=\"https:\/\/www.facebook.com\/studioxp\/\" \/>\n<meta property=\"article:modified_time\" content=\"2024-04-17T13:45:23+00:00\" \/>\n<meta name=\"twitter:card\" content=\"summary_large_image\" \/>\n<meta name=\"twitter:site\" content=\"@studioxpca\" \/>\n<script type=\"application\/ld+json\" class=\"yoast-schema-graph\">{\"@context\":\"https:\/\/schema.org\",\"@graph\":[{\"@type\":\"WebPage\",\"@id\":\"https:\/\/www.studioxp.online\/fr\/prix\/\",\"url\":\"https:\/\/www.studioxp.online\/fr\/prix\/\",\"name\":\"Liste de prix des cours et camps - StudioXP\",\"isPartOf\":{\"@id\":\"https:\/\/www.studioxp.online\/fr\/#website\"},\"datePublished\":\"2023-10-03T06:54:18+00:00\",\"dateModified\":\"2024-04-17T13:45:23+00:00\",\"description\":\"Combien co\u00fbte d'apprendre \u00e0 coder avec Minecraft? Quel est le prix d'un cours en programmation de jeux vid\u00e9o? Voici les prix de toutes nos formules en ligne.\",\"breadcrumb\":{\"@id\":\"https:\/\/www.studioxp.online\/fr\/prix\/#breadcrumb\"},\"inLanguage\":\"fr-CA\",\"potentialAction\":[{\"@type\":\"ReadAction\",\"target\":[\"https:\/\/www.studioxp.online\/fr\/prix\/\"]}]},{\"@type\":\"BreadcrumbList\",\"@id\":\"https:\/\/www.studioxp.online\/fr\/prix\/#breadcrumb\",\"itemListElement\":[{\"@type\":\"ListItem\",\"position\":1,\"name\":\"Accueil\",\"item\":\"https:\/\/www.studioxp.online\/fr\/\"},{\"@type\":\"ListItem\",\"position\":2,\"name\":\"Prix QC\"}]},{\"@type\":\"WebSite\",\"@id\":\"https:\/\/www.studioxp.online\/fr\/#website\",\"url\":\"https:\/\/www.studioxp.online\/fr\/\",\"name\":\"StudioXP\",\"description\":\"Cr\u00e9ation de jeux vid\u00e9o\",\"publisher\":{\"@id\":\"https:\/\/www.studioxp.online\/fr\/#organization\"},\"potentialAction\":[{\"@type\":\"SearchAction\",\"target\":{\"@type\":\"EntryPoint\",\"urlTemplate\":\"https:\/\/www.studioxp.online\/fr\/?s={search_term_string}\"},\"query-input\":\"required name=search_term_string\"}],\"inLanguage\":\"fr-CA\"},{\"@type\":\"Organization\",\"@id\":\"https:\/\/www.studioxp.online\/fr\/#organization\",\"name\":\"StudioXP\",\"url\":\"https:\/\/www.studioxp.online\/fr\/\",\"logo\":{\"@type\":\"ImageObject\",\"inLanguage\":\"fr-CA\",\"@id\":\"https:\/\/www.studioxp.online\/fr\/#\/schema\/logo\/image\/\",\"url\":\"https:\/\/www.studioxp.online\/wp-content\/uploads\/2018\/04\/Logo-XP.png\",\"contentUrl\":\"https:\/\/www.studioxp.online\/wp-content\/uploads\/2018\/04\/Logo-XP.png\",\"width\":650,\"height\":200,\"caption\":\"StudioXP\"},\"image\":{\"@id\":\"https:\/\/www.studioxp.online\/fr\/#\/schema\/logo\/image\/\"},\"sameAs\":[\"https:\/\/www.facebook.com\/studioxp\/\",\"https:\/\/x.com\/studioxpca\",\"https:\/\/www.linkedin.com\/company\/studio-xp\/\",\"https:\/\/www.youtube.com\/channel\/UCOsXLIAKrYYza82CPTe7KMg\"]}]}<\/script>\n<!-- \/ Yoast SEO plugin. -->","yoast_head_json":{"title":"Liste de prix des cours et camps - StudioXP","description":"Combien co\u00fbte d'apprendre \u00e0 coder avec Minecraft? Quel est le prix d'un cours en programmation de jeux vid\u00e9o? Voici les prix de toutes nos formules en ligne.","robots":{"index":"index","follow":"follow","max-snippet":"max-snippet:-1","max-image-preview":"max-image-preview:large","max-video-preview":"max-video-preview:-1"},"canonical":"https:\/\/www.studioxp.online\/fr\/prix\/","og_locale":"fr_CA","og_type":"article","og_title":"Liste de prix des cours et camps - StudioXP","og_description":"Combien co\u00fbte d'apprendre \u00e0 coder avec Minecraft? Quel est le prix d'un cours en programmation de jeux vid\u00e9o? Voici les prix de toutes nos formules en ligne.","og_url":"https:\/\/www.studioxp.online\/fr\/prix\/","og_site_name":"StudioXP","article_publisher":"https:\/\/www.facebook.com\/studioxp\/","article_modified_time":"2024-04-17T13:45:23+00:00","twitter_card":"summary_large_image","twitter_site":"@studioxpca","schema":{"@context":"https:\/\/schema.org","@graph":[{"@type":"WebPage","@id":"https:\/\/www.studioxp.online\/fr\/prix\/","url":"https:\/\/www.studioxp.online\/fr\/prix\/","name":"Liste de prix des cours et camps - StudioXP","isPartOf":{"@id":"https:\/\/www.studioxp.online\/fr\/#website"},"datePublished":"2023-10-03T06:54:18+00:00","dateModified":"2024-04-17T13:45:23+00:00","description":"Combien co\u00fbte d'apprendre \u00e0 coder avec Minecraft? Quel est le prix d'un cours en programmation de jeux vid\u00e9o? Voici les prix de toutes nos formules en ligne.","breadcrumb":{"@id":"https:\/\/www.studioxp.online\/fr\/prix\/#breadcrumb"},"inLanguage":"fr-CA","potentialAction":[{"@type":"ReadAction","target":["https:\/\/www.studioxp.online\/fr\/prix\/"]}]},{"@type":"BreadcrumbList","@id":"https:\/\/www.studioxp.online\/fr\/prix\/#breadcrumb","itemListElement":[{"@type":"ListItem","position":1,"name":"Accueil","item":"https:\/\/www.studioxp.online\/fr\/"},{"@type":"ListItem","position":2,"name":"Prix QC"}]},{"@type":"WebSite","@id":"https:\/\/www.studioxp.online\/fr\/#website","url":"https:\/\/www.studioxp.online\/fr\/","name":"StudioXP","description":"Cr\u00e9ation de jeux vid\u00e9o","publisher":{"@id":"https:\/\/www.studioxp.online\/fr\/#organization"},"potentialAction":[{"@type":"SearchAction","target":{"@type":"EntryPoint","urlTemplate":"https:\/\/www.studioxp.online\/fr\/?s={search_term_string}"},"query-input":"required name=search_term_string"}],"inLanguage":"fr-CA"},{"@type":"Organization","@id":"https:\/\/www.studioxp.online\/fr\/#organization","name":"StudioXP","url":"https:\/\/www.studioxp.online\/fr\/","logo":{"@type":"ImageObject","inLanguage":"fr-CA","@id":"https:\/\/www.studioxp.online\/fr\/#\/schema\/logo\/image\/","url":"https:\/\/www.studioxp.online\/wp-content\/uploads\/2018\/04\/Logo-XP.png","contentUrl":"https:\/\/www.studioxp.online\/wp-content\/uploads\/2018\/04\/Logo-XP.png","width":650,"height":200,"caption":"StudioXP"},"image":{"@id":"https:\/\/www.studioxp.online\/fr\/#\/schema\/logo\/image\/"},"sameAs":["https:\/\/www.facebook.com\/studioxp\/","https:\/\/x.com\/studioxpca","https:\/\/www.linkedin.com\/company\/studio-xp\/","https:\/\/www.youtube.com\/channel\/UCOsXLIAKrYYza82CPTe7KMg"]}]}},"_links":{"self":[{"href":"https:\/\/www.studioxp.online\/fr\/wp-json\/wp\/v2\/pages\/122304"}],"collection":[{"href":"https:\/\/www.studioxp.online\/fr\/wp-json\/wp\/v2\/pages"}],"about":[{"href":"https:\/\/www.studioxp.online\/fr\/wp-json\/wp\/v2\/types\/page"}],"author":[{"embeddable":true,"href":"https:\/\/www.studioxp.online\/fr\/wp-json\/wp\/v2\/users\/8570"}],"replies":[{"embeddable":true,"href":"https:\/\/www.studioxp.online\/fr\/wp-json\/wp\/v2\/comments?post=122304"}],"version-history":[{"count":2,"href":"https:\/\/www.studioxp.online\/fr\/wp-json\/wp\/v2\/pages\/122304\/revisions"}],"predecessor-version":[{"id":122312,"href":"https:\/\/www.studioxp.online\/fr\/wp-json\/wp\/v2\/pages\/122304\/revisions\/122312"}],"wp:attachment":[{"href":"https:\/\/www.studioxp.online\/fr\/wp-json\/wp\/v2\/media?parent=122304"}],"wp:term":[{"taxonomy":"folder","embeddable":true,"href":"https:\/\/www.studioxp.online\/fr\/wp-json\/wp\/v2\/folder?post=122304"}],"curies":[{"name":"wp","href":"https:\/\/api.w.org\/{rel}","templated":true}]}}