{"id":84117,"date":"2022-10-06T11:40:19","date_gmt":"2022-10-06T15:40:19","guid":{"rendered":"https:\/\/www.studioxp.online\/?page_id=84117"},"modified":"2023-03-14T11:43:33","modified_gmt":"2023-03-14T15:43:33","slug":"services-aux-ecoles","status":"publish","type":"page","link":"https:\/\/www.studioxp.online\/fr-fr\/services-aux-ecoles\/","title":{"rendered":"Services aux \u00e9coles"},"content":{"rendered":"","protected":false},"excerpt":{"rendered":"","protected":false},"author":2209,"featured_media":0,"parent":0,"menu_order":0,"comment_status":"closed","ping_status":"closed","template":"","meta":{"footnotes":""},"folder":[813],"yoast_head":"<!-- This site is optimized with the Yoast SEO plugin v22.7 - https:\/\/yoast.com\/wordpress\/plugins\/seo\/ -->\n<title>Services offerts aux \u00e9coles - StudioXP<\/title>\n<meta name=\"description\" content=\"Studio XP propose aux \u00e9coles et organismes la possibilit\u00e9 d&#039;int\u00e9grer des cours dans leur syst\u00e8me p\u00e9dagogique. D\u00e9couvrez nos formules.\" \/>\n<meta name=\"robots\" content=\"index, follow, max-snippet:-1, max-image-preview:large, max-video-preview:-1\" \/>\n<link rel=\"canonical\" href=\"https:\/\/www.studioxp.online\/fr-fr\/services-aux-ecoles\/\" \/>\n<meta property=\"og:locale\" content=\"fr_FR\" \/>\n<meta property=\"og:type\" content=\"article\" \/>\n<meta property=\"og:title\" content=\"Services offerts aux \u00e9coles - StudioXP\" \/>\n<meta property=\"og:description\" content=\"Studio XP propose aux \u00e9coles et organismes la possibilit\u00e9 d&#039;int\u00e9grer des cours dans leur syst\u00e8me p\u00e9dagogique. D\u00e9couvrez nos formules.\" \/>\n<meta property=\"og:url\" content=\"https:\/\/www.studioxp.online\/fr-fr\/services-aux-ecoles\/\" \/>\n<meta property=\"og:site_name\" content=\"StudioXP\" \/>\n<meta property=\"article:publisher\" content=\"https:\/\/www.facebook.com\/studioxp\/\" \/>\n<meta property=\"article:modified_time\" content=\"2023-03-14T15:43:33+00:00\" \/>\n<meta name=\"twitter:card\" content=\"summary_large_image\" \/>\n<meta name=\"twitter:site\" content=\"@studioxpca\" \/>\n<script type=\"application\/ld+json\" class=\"yoast-schema-graph\">{\"@context\":\"https:\/\/schema.org\",\"@graph\":[{\"@type\":\"WebPage\",\"@id\":\"https:\/\/www.studioxp.online\/fr-fr\/services-aux-ecoles\/\",\"url\":\"https:\/\/www.studioxp.online\/fr-fr\/services-aux-ecoles\/\",\"name\":\"Services offerts aux \u00e9coles - StudioXP\",\"isPartOf\":{\"@id\":\"https:\/\/www.studioxp.online\/fr\/#website\"},\"datePublished\":\"2022-10-06T15:40:19+00:00\",\"dateModified\":\"2023-03-14T15:43:33+00:00\",\"description\":\"Studio XP propose aux \u00e9coles et organismes la possibilit\u00e9 d'int\u00e9grer des cours dans leur syst\u00e8me p\u00e9dagogique. D\u00e9couvrez nos formules.\",\"breadcrumb\":{\"@id\":\"https:\/\/www.studioxp.online\/fr-fr\/services-aux-ecoles\/#breadcrumb\"},\"inLanguage\":\"fr-FR\",\"potentialAction\":[{\"@type\":\"ReadAction\",\"target\":[\"https:\/\/www.studioxp.online\/fr-fr\/services-aux-ecoles\/\"]}]},{\"@type\":\"BreadcrumbList\",\"@id\":\"https:\/\/www.studioxp.online\/fr-fr\/services-aux-ecoles\/#breadcrumb\",\"itemListElement\":[{\"@type\":\"ListItem\",\"position\":1,\"name\":\"Accueil\",\"item\":\"https:\/\/www.studioxp.online\/fr-fr\/\"},{\"@type\":\"ListItem\",\"position\":2,\"name\":\"Services aux \u00e9coles\"}]},{\"@type\":\"WebSite\",\"@id\":\"https:\/\/www.studioxp.online\/fr\/#website\",\"url\":\"https:\/\/www.studioxp.online\/fr\/\",\"name\":\"StudioXP\",\"description\":\"Cr\u00e9ation de jeux vid\u00e9o\",\"publisher\":{\"@id\":\"https:\/\/www.studioxp.online\/fr\/#organization\"},\"potentialAction\":[{\"@type\":\"SearchAction\",\"target\":{\"@type\":\"EntryPoint\",\"urlTemplate\":\"https:\/\/www.studioxp.online\/fr\/?s={search_term_string}\"},\"query-input\":\"required name=search_term_string\"}],\"inLanguage\":\"fr-FR\"},{\"@type\":\"Organization\",\"@id\":\"https:\/\/www.studioxp.online\/fr\/#organization\",\"name\":\"StudioXP\",\"url\":\"https:\/\/www.studioxp.online\/fr\/\",\"logo\":{\"@type\":\"ImageObject\",\"inLanguage\":\"fr-FR\",\"@id\":\"https:\/\/www.studioxp.online\/fr\/#\/schema\/logo\/image\/\",\"url\":\"https:\/\/www.studioxp.online\/wp-content\/uploads\/2018\/04\/Logo-XP.png\",\"contentUrl\":\"https:\/\/www.studioxp.online\/wp-content\/uploads\/2018\/04\/Logo-XP.png\",\"width\":650,\"height\":200,\"caption\":\"StudioXP\"},\"image\":{\"@id\":\"https:\/\/www.studioxp.online\/fr\/#\/schema\/logo\/image\/\"},\"sameAs\":[\"https:\/\/www.facebook.com\/studioxp\/\",\"https:\/\/x.com\/studioxpca\",\"https:\/\/www.linkedin.com\/company\/studio-xp\/\",\"https:\/\/www.youtube.com\/channel\/UCOsXLIAKrYYza82CPTe7KMg\"]}]}<\/script>\n<!-- \/ Yoast SEO plugin. -->","yoast_head_json":{"title":"Services offerts aux \u00e9coles - StudioXP","description":"Studio XP propose aux \u00e9coles et organismes la possibilit\u00e9 d'int\u00e9grer des cours dans leur syst\u00e8me p\u00e9dagogique. D\u00e9couvrez nos formules.","robots":{"index":"index","follow":"follow","max-snippet":"max-snippet:-1","max-image-preview":"max-image-preview:large","max-video-preview":"max-video-preview:-1"},"canonical":"https:\/\/www.studioxp.online\/fr-fr\/services-aux-ecoles\/","og_locale":"fr_FR","og_type":"article","og_title":"Services offerts aux \u00e9coles - StudioXP","og_description":"Studio XP propose aux \u00e9coles et organismes la possibilit\u00e9 d'int\u00e9grer des cours dans leur syst\u00e8me p\u00e9dagogique. D\u00e9couvrez nos formules.","og_url":"https:\/\/www.studioxp.online\/fr-fr\/services-aux-ecoles\/","og_site_name":"StudioXP","article_publisher":"https:\/\/www.facebook.com\/studioxp\/","article_modified_time":"2023-03-14T15:43:33+00:00","twitter_card":"summary_large_image","twitter_site":"@studioxpca","schema":{"@context":"https:\/\/schema.org","@graph":[{"@type":"WebPage","@id":"https:\/\/www.studioxp.online\/fr-fr\/services-aux-ecoles\/","url":"https:\/\/www.studioxp.online\/fr-fr\/services-aux-ecoles\/","name":"Services offerts aux \u00e9coles - StudioXP","isPartOf":{"@id":"https:\/\/www.studioxp.online\/fr\/#website"},"datePublished":"2022-10-06T15:40:19+00:00","dateModified":"2023-03-14T15:43:33+00:00","description":"Studio XP propose aux \u00e9coles et organismes la possibilit\u00e9 d'int\u00e9grer des cours dans leur syst\u00e8me p\u00e9dagogique. D\u00e9couvrez nos formules.","breadcrumb":{"@id":"https:\/\/www.studioxp.online\/fr-fr\/services-aux-ecoles\/#breadcrumb"},"inLanguage":"fr-FR","potentialAction":[{"@type":"ReadAction","target":["https:\/\/www.studioxp.online\/fr-fr\/services-aux-ecoles\/"]}]},{"@type":"BreadcrumbList","@id":"https:\/\/www.studioxp.online\/fr-fr\/services-aux-ecoles\/#breadcrumb","itemListElement":[{"@type":"ListItem","position":1,"name":"Accueil","item":"https:\/\/www.studioxp.online\/fr-fr\/"},{"@type":"ListItem","position":2,"name":"Services aux \u00e9coles"}]},{"@type":"WebSite","@id":"https:\/\/www.studioxp.online\/fr\/#website","url":"https:\/\/www.studioxp.online\/fr\/","name":"StudioXP","description":"Cr\u00e9ation de jeux vid\u00e9o","publisher":{"@id":"https:\/\/www.studioxp.online\/fr\/#organization"},"potentialAction":[{"@type":"SearchAction","target":{"@type":"EntryPoint","urlTemplate":"https:\/\/www.studioxp.online\/fr\/?s={search_term_string}"},"query-input":"required name=search_term_string"}],"inLanguage":"fr-FR"},{"@type":"Organization","@id":"https:\/\/www.studioxp.online\/fr\/#organization","name":"StudioXP","url":"https:\/\/www.studioxp.online\/fr\/","logo":{"@type":"ImageObject","inLanguage":"fr-FR","@id":"https:\/\/www.studioxp.online\/fr\/#\/schema\/logo\/image\/","url":"https:\/\/www.studioxp.online\/wp-content\/uploads\/2018\/04\/Logo-XP.png","contentUrl":"https:\/\/www.studioxp.online\/wp-content\/uploads\/2018\/04\/Logo-XP.png","width":650,"height":200,"caption":"StudioXP"},"image":{"@id":"https:\/\/www.studioxp.online\/fr\/#\/schema\/logo\/image\/"},"sameAs":["https:\/\/www.facebook.com\/studioxp\/","https:\/\/x.com\/studioxpca","https:\/\/www.linkedin.com\/company\/studio-xp\/","https:\/\/www.youtube.com\/channel\/UCOsXLIAKrYYza82CPTe7KMg"]}]}},"_links":{"self":[{"href":"https:\/\/www.studioxp.online\/fr-fr\/wp-json\/wp\/v2\/pages\/84117"}],"collection":[{"href":"https:\/\/www.studioxp.online\/fr-fr\/wp-json\/wp\/v2\/pages"}],"about":[{"href":"https:\/\/www.studioxp.online\/fr-fr\/wp-json\/wp\/v2\/types\/page"}],"author":[{"embeddable":true,"href":"https:\/\/www.studioxp.online\/fr-fr\/wp-json\/wp\/v2\/users\/2209"}],"replies":[{"embeddable":true,"href":"https:\/\/www.studioxp.online\/fr-fr\/wp-json\/wp\/v2\/comments?post=84117"}],"version-history":[{"count":1,"href":"https:\/\/www.studioxp.online\/fr-fr\/wp-json\/wp\/v2\/pages\/84117\/revisions"}],"predecessor-version":[{"id":84118,"href":"https:\/\/www.studioxp.online\/fr-fr\/wp-json\/wp\/v2\/pages\/84117\/revisions\/84118"}],"wp:attachment":[{"href":"https:\/\/www.studioxp.online\/fr-fr\/wp-json\/wp\/v2\/media?parent=84117"}],"wp:term":[{"taxonomy":"folder","embeddable":true,"href":"https:\/\/www.studioxp.online\/fr-fr\/wp-json\/wp\/v2\/folder?post=84117"}],"curies":[{"name":"wp","href":"https:\/\/api.w.org\/{rel}","templated":true}]}}